{"id":796,"date":"2022-05-31T14:30:10","date_gmt":"2022-05-31T12:30:10","guid":{"rendered":"https:\/\/staging.improdett.fr\/?page_id=796"},"modified":"2022-08-30T17:43:05","modified_gmt":"2022-08-30T15:43:05","slug":"actualites","status":"publish","type":"page","link":"https:\/\/staging.improdett.fr\/?page_id=796","title":{"rendered":"Actualit\u00e9s"},"content":{"rendered":"\t\t<div data-elementor-type=\"wp-page\" data-elementor-id=\"796\" class=\"elementor elementor-796\" data-elementor-settings=\"[]\">\n\t\t\t\t\t\t\t<div class=\"elementor-section-wrap\">\n\t\t\t\t\t\t\t<section class=\"elementor-section elementor-top-section elementor-element elementor-element-f9b5a2c elementor-section-stretched elementor-section-height-full elementor-section-full_width elementor-section-items-top elementor-section-height-default\" data-id=\"f9b5a2c\" data-element_type=\"section\" data-settings=\"{&quot;stretch_section&quot;:&quot;section-stretched&quot;}\">\n\t\t\t\t\t\t<div class=\"elementor-container elementor-column-gap-default\">\n\t\t\t\t\t<div class=\"elementor-column elementor-col-100 elementor-top-column elementor-element elementor-element-3f51ed61\" data-id=\"3f51ed61\" data-element_type=\"column\">\n\t\t\t<div class=\"elementor-widget-wrap elementor-element-populated\">\n\t\t\t\t\t\t\t\t<div class=\"elementor-element elementor-element-352bf27f elementor-widget elementor-widget-text-editor\" data-id=\"352bf27f\" data-element_type=\"widget\" data-widget_type=\"text-editor.default\">\n\t\t\t\t<div class=\"elementor-widget-container\">\n\t\t\t\t\t<div class=\"elementor-text-editor elementor-clearfix\"><p><strong>&gt;&gt;Le film<\/strong>\u00a0\u00a0d\u00e9but\u00e9 en F\u00e9vrier 2022 en collaboration avec Scalene, les 3Amis, le sc\u00e9nario \u00e9crit avec l&rsquo;aide pr\u00e9cieuse de Jean Luc Moisson et r\u00e9alis\u00e9 par la Maison de l&rsquo;Image a \u00e9t\u00e9 pr\u00e9sent\u00e9 en interne le 16 Juin \u00e0 nos jeunes.<\/p>\n<p>La projection publique est pr\u00e9vue le 8 Octobre 2022, dans le cadre du Mois de la Transition Alimentaire et Grenoble Capitale Verte Europ\u00e9enne 2022.\u00a0 \u00a0Lieu de la projection : La Capsule, Cap Berriat 21 Rue Boucher de Perthes, 38000 Grenoble inscription obligatoire par mail &gt;\u00a0<a href=\"mailto:contact@improdett.fr\">contact@improdett.fr<\/a><\/p>\n<p><strong>\u00a0<\/strong><\/p>\n<p><strong style=\"font-style: inherit; color: var( --e-global-color-text ); letter-spacing: 0px;\">&gt;&gt;Le jardin du Fontanil<\/strong><span style=\"font-style: inherit; font-weight: inherit; color: var( --e-global-color-text ); letter-spacing: 0px;\">\u00a0produit Gombo, Oseille et bient\u00f4t aubergines. Les ventes ont d\u00e9but\u00e9 sur commande par mail &gt;\u00a0<\/span><a style=\"font-style: inherit; font-weight: inherit; letter-spacing: 0px; background-color: #ffffff;\" href=\"mailto:contact@improdett.fr\">contact@improdett.fr<\/a><span style=\"font-style: inherit; font-weight: inherit; color: var( --e-global-color-text ); letter-spacing: 0px;\">\u00a0<\/span><\/p>\n<p><span style=\"font-style: inherit; font-weight: inherit; color: var( --e-global-color-text ); letter-spacing: 0px;\">Voici les tarifs ; Gombo\/13 \u20ac le kg, Oseille\/12\u20ac le kg<\/span><\/p>\n<p>\u00a0<\/p>\n<p>\u00a0<\/p>\n<p>\u00a0<\/p>\n<div style=\"flex-basis: 150%;\">\n<div>\n<div style=\"flex-basis: 33.33%;\">\u00a0<\/div>\n<p><img loading=\"lazy\" src=\"https:\/\/staging.improdett.fr\/wp-content\/uploads\/2022\/08\/8a9c40b0-687e-4ccb-8bc4-22d219d9bbd7-300x225.jpg\" alt=\"\" width=\"300\" height=\"225\" \/><\/p>\n<\/div>\n<\/div>\n<p><!-- \/wp:column --><!-- wp:column {\"width\":\"50%\"} --><\/p>\n<div style=\"flex-basis: 50%;\">\n<p><!-- wp:image {\"id\":524,\"width\":224,\"height\":298,\"sizeSlug\":\"large\",\"linkDestination\":\"none\"} --><\/p>\n<p><!-- \/wp:image --><!-- wp:columns --><\/p>\n<div>\n<div>\n<p style=\"font-size: 15px; font-style: normal; font-weight: 400;\">\u00a0<\/p>\n<p style=\"font-size: 15px; font-style: normal; font-weight: 400;\">\u00a0<\/p>\n<p style=\"font-size: 15px; font-style: normal; font-weight: 400;\"><span style=\"color: var( --e-global-color-text ); letter-spacing: 0px;\">Retrouvez \u00e9galement l&rsquo;association sur le\u00a0<\/span><span style=\"color: var( --e-global-color-text ); letter-spacing: 0px; font-weight: bold;\">march\u00e9 Daudet \u00e0 Saint Martin d&rsquo;H\u00e8res<\/span><span style=\"color: var( --e-global-color-text ); letter-spacing: 0px;\">\u00a0 le\u00a0<\/span><span style=\"color: var( --e-global-color-text ); letter-spacing: 0px;\" role=\"link\">vendredi<\/span><span style=\"color: var( --e-global-color-text ); letter-spacing: 0px;\">\u00a0de 15h \u00e0 19h.\u00a0<\/span><\/p>\n<p style=\"font-size: 15px; font-style: normal; font-weight: 400;\"><span style=\"color: var( --e-global-color-text ); letter-spacing: 0px;\">\u00a0<\/span><\/p>\n<p>\u00a0<\/p>\n<p><!-- wp:image {\"id\":799,\"sizeSlug\":\"full\",\"linkDestination\":\"none\"} --><\/p>\n<figure><\/figure>\n<\/div>\n<\/div>\n<p><!-- \/wp:columns --><\/p>\n<\/div>\n<p><!-- \/wp:column --><\/p>\n<p><!-- \/wp:columns --><!-- wp:paragraph --><\/p>\n<p><!-- \/wp:paragraph --><\/p><\/div>\n\t\t\t\t<\/div>\n\t\t\t\t<\/div>\n\t\t\t\t\t<\/div>\n\t\t<\/div>\n\t\t\t\t\t\t\t<\/div>\n\t\t<\/section>\n\t\t\t\t\t\t<\/div>\n\t\t\t\t\t<\/div>\n\t\t","protected":false},"excerpt":{"rendered":"<p>&gt;&gt;Le film&nbsp;&nbsp;d\u00e9but\u00e9 en F\u00e9vrier 2022 en collaboration avec Scalene, les 3Amis, le sc\u00e9nario \u00e9crit avec l&rsquo;aide pr\u00e9cieuse de Jean Luc Moisson et r\u00e9alis\u00e9 par la Maison de l&rsquo;Image a \u00e9t\u00e9 pr\u00e9sent\u00e9 en interne le 16 Juin \u00e0 nos jeunes. La projection publique est pr\u00e9vue le 8 Octobre 2022, dans le cadre du Mois de la &hellip;<\/p>\n<p class=\"read-more\"> <a class=\"\" href=\"https:\/\/staging.improdett.fr\/?page_id=796\"> <span class=\"screen-reader-text\">Actualit\u00e9s<\/span> Lire la suite\u00a0\u00bb<\/a><\/p>\n","protected":false},"author":6,"featured_media":0,"parent":0,"menu_order":0,"comment_status":"closed","ping_status":"closed","template":"","meta":[],"_links":{"self":[{"href":"https:\/\/staging.improdett.fr\/index.php?rest_route=\/wp\/v2\/pages\/796"}],"collection":[{"href":"https:\/\/staging.improdett.fr\/index.php?rest_route=\/wp\/v2\/pages"}],"about":[{"href":"https:\/\/staging.improdett.fr\/index.php?rest_route=\/wp\/v2\/types\/page"}],"author":[{"embeddable":true,"href":"https:\/\/staging.improdett.fr\/index.php?rest_route=\/wp\/v2\/users\/6"}],"replies":[{"embeddable":true,"href":"https:\/\/staging.improdett.fr\/index.php?rest_route=%2Fwp%2Fv2%2Fcomments&post=796"}],"version-history":[{"count":21,"href":"https:\/\/staging.improdett.fr\/index.php?rest_route=\/wp\/v2\/pages\/796\/revisions"}],"predecessor-version":[{"id":827,"href":"https:\/\/staging.improdett.fr\/index.php?rest_route=\/wp\/v2\/pages\/796\/revisions\/827"}],"wp:attachment":[{"href":"https:\/\/staging.improdett.fr\/index.php?rest_route=%2Fwp%2Fv2%2Fmedia&parent=796"}],"curies":[{"name":"wp","href":"https:\/\/api.w.org\/{rel}","templated":true}]}}